{"id":8,"date":"2019-10-02T12:27:51","date_gmt":"2019-10-02T12:27:51","guid":{"rendered":"https:\/\/www.nuohousaika.fi\/?page_id=8"},"modified":"2025-05-07T09:34:10","modified_gmt":"2025-05-07T09:34:10","slug":"nuohousaika","status":"publish","type":"page","link":"https:\/\/www.nuohousaika.fi\/Varaus_vuoden_paahan\/nuohousaika\/","title":{"rendered":"Nuohousaika"},"content":{"rendered":"<p>&nbsp;<\/p>\r\n\r\n\t<section class=\"section dark has-parallax\" id=\"section_1779967255\">\n\t\t<div class=\"bg section-bg fill bg-fill  \" data-parallax-container=\".section\" data-parallax-background data-parallax=\"-2\">\n\n\t\t\t\n\t\t\t<div class=\"section-bg-overlay absolute fill\"><\/div>\n\t\t\t\n\n\t\t<\/div><!-- .section-bg -->\n\n\t\t<div class=\"section-content relative\">\n\t\t\t <div class=\"row align-center\"  id=\"row-726319528\"> <div class=\"col medium-7 small-12 large-7\"  ><div class=\"col-inner text-center\"  >\r\n<h1>Mik\u00e4 on Nuohousaika.fi?<\/h1>\r\n<p>Nuohousaika on s\u00e4hk\u00f6inen nuohouksen ajanvaraus- ja hallintaj\u00e4rjestelm\u00e4 nuohouksen tilaajille ja nuohoojille ymp\u00e4ri Suomea. Palvelun k\u00e4ytt\u00e4minen on helppoa, ja voit k\u00e4ytt\u00e4\u00e4 sit\u00e4 niin \u00e4lypuhelimella, tietokoneella kuin tabletillakin.<\/p>\r\n<a href=\"https:\/\/www.nuohousaika.fi\/Varaus_vuoden_paahan\/nuohousaika\/Varaa\" target=\"_self\" class=\"button white is-outline is-large\"  style=\"border-radius:25px;\">\n    <span>Tilaa nuohous<\/span>\n  <\/a>\n\r\n<\/div><\/div> \n<style scope=\"scope\">\n\n<\/style>\n<\/div> \t\t<\/div><!-- .section-content -->\n\n\t\t\n<style scope=\"scope\">\n\n#section_1779967255 {\n  padding-top: 30px;\n  padding-bottom: 30px;\n  min-height: 720px;\n}\n#section_1779967255 .section-bg-overlay {\n  background-color: rgba(0, 0, 0, 0.65);\n}\n#section_1779967255 .section-bg.bg-loaded {\n  background-image: url(https:\/\/www.nuohousaika.fi\/Varaus_vuoden_paahan\/nuohousaika\/wp-content\/uploads\/2021\/11\/uusi_tausta.png);\n}\n#section_1779967255 .section-bg {\n  background-position: 66% 41%;\n}\n<\/style>\n\t<\/section>\n\t \t<section class=\"section has-mask mask-angled-large\" id=\"section_387206808\">\n\t\t<div class=\"bg section-bg fill bg-fill  bg-loaded\" >\n\n\t\t\t\n\t\t\t\n\t\t\t\n\n\t\t<\/div><!-- .section-bg -->\n\n\t\t<div class=\"section-content relative\">\n\t\t\t <div class=\"gap-element clearfix\" style=\"display:block; height:auto; padding-top:50px\"><\/div> <div class=\"row align-middle\"  id=\"row-1651618651\"> <div class=\"col medium-7 small-12 large-7\"  ><div class=\"col-inner text-left\" style=\"padding:0px 50px 0px 49px;\" >\r\n<h2 style=\"text-align: left;\">Nuohousaika.fi -palvelun taustalla<\/h2>\r\n<p style=\"text-align: left;\">Nuohousaika.fi-palvelun taustalla on 2010 perustettu ohjelmistoalan perheyritys Jyv\u00e4skyl\u00e4st\u00e4. Haluamme tarjota nuohousalan parasta palvelua ja kumppanuutta niin nuohousta tarvitseville asiakkaille kuin nuohousyrityksille. Nuohousaika on kehitetty alan ammattilaisia kuunnellen ja yhteisty\u00f6ss\u00e4 Nuohousalan Keskusliiton kanssa.<\/p>\r\n<p style=\"text-align: left;\">Huomasimme, ett\u00e4 Suomesta puuttuu ihmist\u00e4 ymm\u00e4rt\u00e4v\u00e4 ja helppok\u00e4ytt\u00f6inen nuohouksen varaus- ja hallintaj\u00e4rjestelm\u00e4, joten kehitimme palvelun nuohousalan ammattilaisia kuunnellen.<\/p>\r\n<ul>\r\n<li style=\"text-align: left;\">Palvelua k\u00e4ytt\u00e4vi\u00e4 nuohoojia on jo yli 275<\/li>\r\n<li style=\"text-align: left;\">Palvelun kautta suoritettuja nuohouksia vuosittain yli 210 000\u00a0kpl<\/li>\r\n<\/ul>\r\n<a href=\"\/keita-me-olemme\/\" target=\"_self\" class=\"button white is-outline\"  style=\"border-radius:30px;\">\n    <span>Lue lis\u00e4\u00e4 meist\u00e4<\/span>\n  <\/a>\n <\/div><\/div> <div class=\"col medium-5 small-12 large-5\"  ><div class=\"col-inner text-center\"  >\r\n<p><iframe loading=\"lazy\" src=\"https:\/\/www.youtube.com\/embed\/KKiLVArJ_x8\" width=\"560\" height=\"315\" frameborder=\"0\" allowfullscreen=\"allowfullscreen\"><\/iframe><\/p>\r\n<\/div><\/div> \n<style scope=\"scope\">\n\n<\/style>\n<\/div> \t\t<\/div><!-- .section-content -->\n\n\t\t\n<style scope=\"scope\">\n\n#section_387206808 {\n  padding-top: 0px;\n  padding-bottom: 0px;\n  background-color: rgb(255,255,255);\n}\n\n\n@media (min-width:550px) {\n\n  #section_387206808 {\n    padding-top: 90px;\n    padding-bottom: 90px;\n  }\n\n}\n<\/style>\n\t<\/section>\n\t \t<section class=\"section dark has-mask mask-angled-large has-parallax\" id=\"section_1027484129\">\n\t\t<div class=\"bg section-bg fill bg-fill  \" data-parallax-container=\".section\" data-parallax-background data-parallax=\"-2\">\n\n\t\t\t\n\t\t\t<div class=\"section-bg-overlay absolute fill\"><\/div>\n\t\t\t\n\n\t\t<\/div><!-- .section-bg -->\n\n\t\t<div class=\"section-content relative\">\n\t\t\t <div class=\"row row-collapse\"  id=\"row-1991074078\"> <div class=\"col small-12 large-12\"  ><div class=\"col-inner\"  > <div class=\"gap-element clearfix\" style=\"display:block; height:auto; padding-top:30px\"><\/div>\r\n<h2 style=\"text-align: center;\">N\u00e4in tilaat nuohouksen<\/h2>\r\n<p style=\"text-align: center;\">Oletko varaamassa nuohousta? Palvelussamme se k\u00e4y helposti parilla klikkauksella! Rekister\u00f6ityminen vie vain noin kaksi minuuttia. Voit tarkastella vapaita nuohousaikoja my\u00f6s ilman rekister\u00f6itymist\u00e4.<\/p>\r\n<\/div><\/div> \n<style scope=\"scope\">\n\n<\/style>\n<\/div> <div class=\"row align-center\"  id=\"row-730757576\"> <div class=\"col medium-4 small-10 large-4\"  ><div class=\"col-inner text-center\"  > \n\t\t<div class=\"icon-box featured-box icon-box-center text-center\"  >\n\t\t\t\t\t<div class=\"icon-box-img\" style=\"width: 60px\">\n\t\t\t\t<div class=\"icon\">\n\t\t\t\t\t<div class=\"icon-inner\" >\n\t\t\t\t\t\t\t\t\t\t\t<\/div>\n\t\t\t\t<\/div>\n\t\t\t<\/div>\n\t\t\t\t<div class=\"icon-box-text last-reset\">\n\t\t\t\t\t\t\t\t\t\r\n<h2>1<\/h2>\r\n<p><strong>Kun haluat varata nuohoojan, kerro osoite, johon halut nuohouksen, sek\u00e4 nuohottavien tulisijojen m\u00e4\u00e4r\u00e4n. <\/strong><\/p>\r\n\t\t<\/div>\n\t<\/div><!-- .icon-box -->\n\t\n\t <\/div><\/div> <div class=\"col medium-4 small-10 large-4\"  ><div class=\"col-inner\"  > \n\t\t<div class=\"icon-box featured-box icon-box-center text-center\"  >\n\t\t\t\t\t<div class=\"icon-box-img\" style=\"width: 60px\">\n\t\t\t\t<div class=\"icon\">\n\t\t\t\t\t<div class=\"icon-inner\" >\n\t\t\t\t\t\t\t\t\t\t\t<\/div>\n\t\t\t\t<\/div>\n\t\t\t<\/div>\n\t\t\t\t<div class=\"icon-box-text last-reset\">\n\t\t\t\t\t\t\t\t\t\r\n<h2>2<\/h2>\r\n<p><strong>Valitse sinulle sopivin ajankohta, ja vahvista varauksesi joko olemassa olevilla tunnuksillasi tai rekister\u00f6itym\u00e4ll\u00e4 uutena asiakkaana.<\/strong><\/p>\r\n<p>Varauksen tiedoista n\u00e4et nuohousyrityksen sek\u00e4 nuohoojan yhteystiedot. Saat muistutuksen varauksesta s\u00e4hk\u00f6postiisi<\/p>\r\n\t\t<\/div>\n\t<\/div><!-- .icon-box -->\n\t\n\t <\/div><\/div> <div class=\"col medium-4 small-10 large-4\"  ><div class=\"col-inner\"  > \n\t\t<div class=\"icon-box featured-box icon-box-center text-center\"  >\n\t\t\t\t\t<div class=\"icon-box-img\" style=\"width: 60px\">\n\t\t\t\t<div class=\"icon\">\n\t\t\t\t\t<div class=\"icon-inner\" >\n\t\t\t\t\t\t\t\t\t\t\t<\/div>\n\t\t\t\t<\/div>\n\t\t\t<\/div>\n\t\t\t\t<div class=\"icon-box-text last-reset\">\n\t\t\t\t\t\t\t\t\t\r\n<h2>3<\/h2>\r\n<p><strong>Tilaamasi nuohooja saapuu sovittuna ajankohtana varauksen osoitteeseen. Nuohousaika.fi-palvelu huolehtii nuohoustodistuksen sek\u00e4 laskun kotiisi tai s\u00e4hk\u00f6postiisi automaattisesti.<\/strong><\/p>\r\n\t\t<\/div>\n\t<\/div><!-- .icon-box -->\n\t\n\t <\/div><\/div> <div class=\"col small-12 large-12\"  ><div class=\"col-inner text-center\"  > <a rel=\"noopener noreferrer\" href=\"https:\/\/www.nuohousaika.fi\/syota_osoite.php\" target=\"_blank\" class=\"button white\"  style=\"border-radius:30px;\">\n    <span>Tilaa nuohous<\/span>\n  <\/a>\n <\/div><\/div> \n<style scope=\"scope\">\n\n<\/style>\n<\/div> \t\t<\/div><!-- .section-content -->\n\n\t\t\n<style scope=\"scope\">\n\n#section_1027484129 {\n  padding-top: 90px;\n  padding-bottom: 90px;\n  background-color: rgb(255, 255, 255);\n}\n#section_1027484129 .section-bg-overlay {\n  background-color: rgba(0,0,0,.5);\n}\n#section_1027484129 .section-bg.bg-loaded {\n  background-image: url(https:\/\/www.nuohousaika.fi\/Varaus_vuoden_paahan\/nuohousaika\/wp-content\/uploads\/2019\/12\/nuohousaika-tilaa-nuohous-1.jpg);\n}\n<\/style>\n\t<\/section>\n\t \t<section class=\"section dark has-mask mask-angled-large\" id=\"section_1675325350\">\n\t\t<div class=\"bg section-bg fill bg-fill  bg-loaded\" >\n\n\t\t\t\n\t\t\t\n\t\t\t\n\n\t\t<\/div><!-- .section-bg -->\n\n\t\t<div class=\"section-content relative\">\n\t\t\t <div class=\"gap-element clearfix\" style=\"display:block; height:auto; padding-top:50px\"><\/div> <div class=\"row align-middle\"  id=\"row-1256027318\"> <div class=\"col medium-7 small-12 large-7\"  ><div class=\"col-inner text-left\" style=\"padding:0px 50px 0px 49px;\" >\r\n<h2><strong>Nuohouksen varaaja \u2013 varaa aika helposti <\/strong><\/h2>\r\n<p>Nuohousaika-palvelun kautta voit muun muassa tarkastella l\u00e4himm\u00e4n nuohoojan saatavuutta, varata nuohousajan sek\u00e4 tilata automaattiset nuohousmuistutukset m\u00e4\u00e4r\u00e4ajan l\u00e4hestyess\u00e4<strong>.<\/strong><\/p>\r\n<a href=\"https:\/\/www.nuohousaika.fi\/syota_osoite.php\" target=\"_self\" class=\"button white\"  style=\"border-radius:30px;\">\n    <span>Tilaa nuohous<\/span>\n  <\/a>\n <\/div><\/div> <div class=\"col medium-5 small-12 large-5\"  ><div class=\"col-inner text-left\"  >\r\n<h2><strong>Nuohooja \u2013 hallinnoi ty\u00f6t\u00e4si ja pid\u00e4 tieto samassa paikassa\u00a0 <\/strong><\/h2>\r\n<p>Nuohoojalle Nuohousaika tarjoaa kattavan ty\u00f6kalun hallinnoida p\u00e4ivitt\u00e4ist\u00e4 ty\u00f6t\u00e4si. Palvelustamme voit muun muassa seurata kalenteriasi sek\u00e4 hoitaa raportoinnin ja laskutuksen. Unohda paperity\u00f6t ja keskity nuohoukseen!\u00a0<\/p>\r\n<\/div><\/div> \n<style scope=\"scope\">\n\n<\/style>\n<\/div> \t\t<\/div><!-- .section-content -->\n\n\t\t\n<style scope=\"scope\">\n\n#section_1675325350 {\n  padding-top: 0px;\n  padding-bottom: 0px;\n  background-color: #0baf4d;\n}\n\n\n@media (min-width:550px) {\n\n  #section_1675325350 {\n    padding-top: 90px;\n    padding-bottom: 90px;\n  }\n\n}\n<\/style>\n\t<\/section>\n\t \t<section class=\"section has-mask mask-angled-large\" id=\"section_458954516\">\n\t\t<div class=\"bg section-bg fill bg-fill  bg-loaded\" >\n\n\t\t\t\n\t\t\t\n\t\t\t\n\n\t\t<\/div><!-- .section-bg -->\n\n\t\t<div class=\"section-content relative\">\n\t\t\t <div class=\"gap-element clearfix\" style=\"display:block; height:auto; padding-top:50px\"><\/div> <div class=\"row\"  id=\"row-643556990\"> <div class=\"col medium-7 small-12 large-7\"  ><div class=\"col-inner\"  >\r\n<h2 style=\"text-align: left;\">Nuohooja &#8211; miksi valita nuohousaika.fi?<\/h2>\r\n<p style=\"text-align: left;\">Nuohooja, luovu paperit\u00f6ist\u00e4 ja j\u00e4rjest\u00e4 kalenterisi, markkinointisi ja laskutuksesi samaan paikkaan! Kaikki p\u00e4ivitt\u00e4isen ty\u00f6si hallinnoitavat asiat l\u00f6ytyv\u00e4t samasta paikasta, helppok\u00e4ytt\u00f6isest\u00e4 Nuohousaika.fi -palvelusta.<\/p>\r\n<ol style=\"text-align: left;\">\r\n<li><strong> S<\/strong><strong>\u00e4\u00e4st\u00e4 aikaasi ja keskity tekemiseen<\/strong><\/li>\r\n<\/ol>\r\n<p style=\"text-align: left;\">\u00a0Palvelumme avulla voit automatisoida aikaa viev\u00e4t rutiinity\u00f6t, kuten ajanvarauksen, laskutuksen ja kirjanpidon. N\u00e4in ollen s\u00e4\u00e4st\u00e4t arvokasta aikaasi, jonka voit k\u00e4ytt\u00e4\u00e4 itse nuohousty\u00f6h\u00f6n.<\/p>\r\n<ol style=\"text-align: left;\" start=\"2\">\r\n<li><strong> Ty<\/strong><strong>\u00f6skentele tehokkaammin<\/strong><\/li>\r\n<\/ol>\r\n<p style=\"text-align: left;\">Kun kalenterisi, reittitiedot ja siirtymiset ovat n\u00e4pp\u00e4r\u00e4sti samassa paikassa tallessa, voit suunnitella ty\u00f6si tehokkaammin, keskitty\u00e4 laskutettavaan ty\u00f6h\u00f6n ja poistaa hukkatunnit.<\/p>\r\n<ol style=\"text-align: left;\" start=\"3\">\r\n<li><strong> Kasvata liikevaihtoasi<\/strong><\/li>\r\n<\/ol>\r\n<p style=\"text-align: left;\">Palvelussamme voit automatisoida markkinointisi, m\u00e4\u00e4r\u00e4aikamuistutukset ja laskutuksen vaiheet. N\u00e4in ollen saat huomattavaa kilpailuetua, ja voit keskitty\u00e4 nousujohteiseen palveluun.<\/p>\r\n<a href=\"\/nuohoojalle\/#ota-yhteytta\" target=\"_self\" class=\"button primary\"  style=\"border-radius:30px;\">\n    <span>Ota yhteytt\u00e4<\/span>\n  <\/a>\n <\/div><\/div> <div class=\"col medium-5 small-12 large-5\"  ><div class=\"col-inner text-left\" style=\"padding:0px 50px 0px 50px;\" > <div class=\"gap-element clearfix\" style=\"display:block; height:auto; padding-top:30px\"><\/div> \t<div class=\"img has-hover x md-x lg-x y md-y lg-y\" id=\"image_95963518\">\n\t\t\t\t\t\t\t\t<div class=\"img-inner dark\" >\n\t\t\t<img loading=\"lazy\" decoding=\"async\" width=\"1020\" height=\"765\" src=\"https:\/\/www.nuohousaika.fi\/Varaus_vuoden_paahan\/nuohousaika\/wp-content\/uploads\/2019\/10\/mockuper2-1067x800.png\" class=\"attachment-large size-large\" alt=\"\" srcset=\"https:\/\/www.nuohousaika.fi\/Varaus_vuoden_paahan\/nuohousaika\/wp-content\/uploads\/2019\/10\/mockuper2-1067x800.png 1067w, https:\/\/www.nuohousaika.fi\/Varaus_vuoden_paahan\/nuohousaika\/wp-content\/uploads\/2019\/10\/mockuper2-533x400.png 533w, https:\/\/www.nuohousaika.fi\/Varaus_vuoden_paahan\/nuohousaika\/wp-content\/uploads\/2019\/10\/mockuper2-768x576.png 768w, https:\/\/www.nuohousaika.fi\/Varaus_vuoden_paahan\/nuohousaika\/wp-content\/uploads\/2019\/10\/mockuper2-600x450.png 600w\" sizes=\"auto, (max-width: 1020px) 100vw, 1020px\" \/>\t\t\t\t\t\t\n\t\t\t\t\t<\/div>\n\t\t\t\t\t\t\t\t\n<style scope=\"scope\">\n\n#image_95963518 {\n  width: 100%;\n}\n<\/style>\n\t<\/div>\n\t <\/div><\/div> <\/div> \t\t<\/div><!-- .section-content -->\n\n\t\t\n<style scope=\"scope\">\n\n#section_458954516 {\n  padding-top: 0px;\n  padding-bottom: 0px;\n  background-color: rgb(255,255,255);\n}\n\n\n@media (min-width:550px) {\n\n  #section_458954516 {\n    padding-top: 90px;\n    padding-bottom: 90px;\n  }\n\n}\n<\/style>\n\t<\/section>\n\t <span class=\"scroll-to\" data-label=\"Scroll to: #ominaisuudet\" data-bullet=\"false\" data-link=\"#ominaisuudet\" data-title=\"Change this\"><a name=\"ominaisuudet\"><\/a><\/span> \t<section class=\"section has-mask mask-angled-large\" id=\"section_942379552\">\n\t\t<div class=\"bg section-bg fill bg-fill  bg-loaded\" >\n\n\t\t\t\n\t\t\t\n\t\t\t\n\n\t\t<\/div><!-- .section-bg -->\n\n\t\t<div class=\"section-content relative\">\n\t\t\t <div class=\"row row-small align-center\"  id=\"row-1411923271\"> <div class=\"col medium-5 small-9 large-5\"  ><div class=\"col-inner text-center\"  >\r\n<h2>Ominaisuudet<\/h2>\r\n<\/div><\/div> \n<style scope=\"scope\">\n\n<\/style>\n<\/div> <div class=\"row align-center\"  id=\"row-1680638257\"> <div class=\"col medium-4 small-8 large-4\"  ><div class=\"col-inner\"  > \n\t\t<div class=\"icon-box featured-box icon-box-center text-center is-small\"  >\n\t\t\t\t\t<div class=\"icon-box-img\" style=\"width: 46px\">\n\t\t\t\t<div class=\"icon\">\n\t\t\t\t\t<div class=\"icon-inner\" >\n\t\t\t\t\t\t<img loading=\"lazy\" decoding=\"async\" width=\"100\" height=\"100\" src=\"https:\/\/www.nuohousaika.fi\/Varaus_vuoden_paahan\/nuohousaika\/wp-content\/uploads\/2019\/12\/lasku.png\" class=\"attachment-medium size-medium\" alt=\"lasku\" \/>\t\t\t\t\t<\/div>\n\t\t\t\t<\/div>\n\t\t\t<\/div>\n\t\t\t\t<div class=\"icon-box-text last-reset\">\n\t\t\t\t\t\t\t\t\t\r\n<h3>Laskuta helposti<\/h3>\r\n<p>Saat k\u00e4ytt\u00f6\u00f6si laskutuspalvelun, jonka kautta voit hoitaa kaiken laskutuksen. Voit valita maksun paikan p\u00e4\u00e4ll\u00e4, tai laskun s\u00e4hk\u00f6postilla tai kirjeell\u00e4.<\/p>\r\n\t\t<\/div>\n\t<\/div><!-- .icon-box -->\n\t\n\t <\/div><\/div> <div class=\"col medium-4 small-8 large-4\"  ><div class=\"col-inner\"  > \n\t\t<div class=\"icon-box featured-box icon-box-center text-center is-small\"  >\n\t\t\t\t\t<div class=\"icon-box-img\" style=\"width: 46px\">\n\t\t\t\t<div class=\"icon\">\n\t\t\t\t\t<div class=\"icon-inner\" >\n\t\t\t\t\t\t<img loading=\"lazy\" decoding=\"async\" width=\"100\" height=\"100\" src=\"https:\/\/www.nuohousaika.fi\/Varaus_vuoden_paahan\/nuohousaika\/wp-content\/uploads\/2019\/12\/maksuvalvonta.png\" class=\"attachment-medium size-medium\" alt=\"maksuvalvonta\" \/>\t\t\t\t\t<\/div>\n\t\t\t\t<\/div>\n\t\t\t<\/div>\n\t\t\t\t<div class=\"icon-box-text last-reset\">\n\t\t\t\t\t\t\t\t\t\r\n<h3>Hoidamme maksuvalvonnan<\/h3>\r\n<p>Huolehdimme puolestasi muistutus- ja huomautuslaskujen l\u00e4hett\u00e4misen asiakkaille. Asiakaspalvelumme auttaa asiakkaitasi tarvittaessa laskutusasioissa, ja sin\u00e4 voit keskitty\u00e4 nuohoukseen.<\/p>\r\n\t\t<\/div>\n\t<\/div><!-- .icon-box -->\n\t\n\t <\/div><\/div> <div class=\"col medium-4 small-8 large-4\"  ><div class=\"col-inner\"  > \n\t\t<div class=\"icon-box featured-box icon-box-center text-center is-small\"  >\n\t\t\t\t\t<div class=\"icon-box-img\" style=\"width: 46px\">\n\t\t\t\t<div class=\"icon\">\n\t\t\t\t\t<div class=\"icon-inner\" >\n\t\t\t\t\t\t<img loading=\"lazy\" decoding=\"async\" width=\"100\" height=\"100\" src=\"https:\/\/www.nuohousaika.fi\/Varaus_vuoden_paahan\/nuohousaika\/wp-content\/uploads\/2019\/12\/ilmoitus.png\" class=\"attachment-medium size-medium\" alt=\"ilmoitus\" \/>\t\t\t\t\t<\/div>\n\t\t\t\t<\/div>\n\t\t\t<\/div>\n\t\t\t\t<div class=\"icon-box-text last-reset\">\n\t\t\t\t\t\t\t\t\t\r\n<h3>L\u00e4het\u00e4 ennakkoilmoitukset<\/h3>\r\n<p>L\u00e4het\u00e4 asiakkaillesi ennakkoilmoitukset nuohousajasta kirjeell\u00e4, tekstiviestill\u00e4 tai s\u00e4hk\u00f6postilla. Kun asiakkaasi vahvistaa ajan, se p\u00e4ivittyy saman tien s\u00e4hk\u00f6isesti sinulle.<\/p>\r\n\t\t<\/div>\n\t<\/div><!-- .icon-box -->\n\t\n\t <\/div><\/div> \n<style scope=\"scope\">\n\n<\/style>\n<\/div> <div class=\"gap-element clearfix\" style=\"display:block; height:auto; padding-top:25px\"><\/div> <div class=\"row align-center\"  id=\"row-1354024351\"> <div class=\"col medium-4 small-8 large-4\"  ><div class=\"col-inner\"  > \n\t\t<div class=\"icon-box featured-box icon-box-center text-center is-small\"  >\n\t\t\t\t\t<div class=\"icon-box-img\" style=\"width: 46px\">\n\t\t\t\t<div class=\"icon\">\n\t\t\t\t\t<div class=\"icon-inner\" >\n\t\t\t\t\t\t<img loading=\"lazy\" decoding=\"async\" width=\"100\" height=\"100\" src=\"https:\/\/www.nuohousaika.fi\/Varaus_vuoden_paahan\/nuohousaika\/wp-content\/uploads\/2019\/12\/kirjanpito-raportti.png\" class=\"attachment-medium size-medium\" alt=\"kirjanpito-raportti\" \/>\t\t\t\t\t<\/div>\n\t\t\t\t<\/div>\n\t\t\t<\/div>\n\t\t\t\t<div class=\"icon-box-text last-reset\">\n\t\t\t\t\t\t\t\t\t\r\n<h3>J\u00e4rjest\u00e4 raportointisi<\/h3>\r\n<p>Saat tarvittaessa automaattiset raportit kirjanpit\u00e4j\u00e4lle esimerkiksi kuukauden myynneist\u00e4, ALV:sta ja myyntisaamisista. Palotarkastajalle saat raportin vikakorteista sek\u00e4 nuohotuista ja nuohoamattomista kiinteist\u00f6ist\u00e4.<\/p>\r\n\t\t<\/div>\n\t<\/div><!-- .icon-box -->\n\t\n\t <\/div><\/div> <div class=\"col medium-4 small-8 large-4\"  ><div class=\"col-inner\"  > \n\t\t<div class=\"icon-box featured-box icon-box-center text-center is-small\"  >\n\t\t\t\t\t<div class=\"icon-box-img\" style=\"width: 46px\">\n\t\t\t\t<div class=\"icon\">\n\t\t\t\t\t<div class=\"icon-inner\" >\n\t\t\t\t\t\t<img loading=\"lazy\" decoding=\"async\" width=\"100\" height=\"100\" src=\"https:\/\/www.nuohousaika.fi\/Varaus_vuoden_paahan\/nuohousaika\/wp-content\/uploads\/2019\/12\/asiakasrekisteri.png\" class=\"attachment-medium size-medium\" alt=\"asiakasrekisteri\" \/>\t\t\t\t\t<\/div>\n\t\t\t\t<\/div>\n\t\t\t<\/div>\n\t\t\t\t<div class=\"icon-box-text last-reset\">\n\t\t\t\t\t\t\t\t\t\r\n<h3>Saat asiakas- ja kiinteist\u00f6rekisterin<\/h3>\r\n<p>Saat k\u00e4ytt\u00f6\u00f6si rekisterin asiakkaistasi ja kiinteist\u00f6ist\u00e4, mink\u00e4 avulla s\u00e4ilyt\u00e4t asiakas- ja toimenpidetietosi ja -historiasi yhdess\u00e4 paikassa. Rekisterist\u00e4 l\u00f6yd\u00e4t hakemalla tiedot kohteista, asiakkaista ja kiinteist\u00f6n tulisijoista, ja n\u00e4et suoraan mit\u00e4 kohteessa on aiemmin tehty.<\/p>\r\n\t\t<\/div>\n\t<\/div><!-- .icon-box -->\n\t\n\t <\/div><\/div> <div class=\"col medium-4 small-8 large-4\"  ><div class=\"col-inner\"  > \n\t\t<div class=\"icon-box featured-box icon-box-center text-center is-small\"  >\n\t\t\t\t\t<div class=\"icon-box-img\" style=\"width: 46px\">\n\t\t\t\t<div class=\"icon\">\n\t\t\t\t\t<div class=\"icon-inner\" >\n\t\t\t\t\t\t<img loading=\"lazy\" decoding=\"async\" width=\"100\" height=\"100\" src=\"https:\/\/www.nuohousaika.fi\/Varaus_vuoden_paahan\/nuohousaika\/wp-content\/uploads\/2019\/12\/automatisoi.png\" class=\"attachment-medium size-medium\" alt=\"automatisoi\" \/>\t\t\t\t\t<\/div>\n\t\t\t\t<\/div>\n\t\t\t<\/div>\n\t\t\t\t<div class=\"icon-box-text last-reset\">\n\t\t\t\t\t\t\t\t\t\r\n<h3>Automatisoi markkinointisi<\/h3>\r\n<p>Palvelustamme voit l\u00e4hett\u00e4\u00e4 massaviestit asiakkaillesi, joiden nuohousaika l\u00e4hestyy tai joiden m\u00e4\u00e4r\u00e4v\u00e4li on mennyt umpeen. Voit unohtaa siis paikan p\u00e4\u00e4ll\u00e4 k\u00e4ymisen, sill\u00e4 palvelumme markkinoi puolestasi!<\/p>\r\n\t\t<\/div>\n\t<\/div><!-- .icon-box -->\n\t\n\t <\/div><\/div> \n<style scope=\"scope\">\n\n<\/style>\n<\/div> <div class=\"gap-element clearfix\" style=\"display:block; height:auto; padding-top:25px\"><\/div> <div class=\"row align-center\"  id=\"row-1271980609\"> <div class=\"col medium-4 small-8 large-4\"  ><div class=\"col-inner\"  > \n\t\t<div class=\"icon-box featured-box icon-box-center text-center is-small\"  >\n\t\t\t\t\t<div class=\"icon-box-img\" style=\"width: 46px\">\n\t\t\t\t<div class=\"icon\">\n\t\t\t\t\t<div class=\"icon-inner\" >\n\t\t\t\t\t\t<img loading=\"lazy\" decoding=\"async\" width=\"100\" height=\"100\" src=\"https:\/\/www.nuohousaika.fi\/Varaus_vuoden_paahan\/nuohousaika\/wp-content\/uploads\/2019\/12\/kalenteri.png\" class=\"attachment-medium size-medium\" alt=\"kalenteri\" \/>\t\t\t\t\t<\/div>\n\t\t\t\t<\/div>\n\t\t\t<\/div>\n\t\t\t\t<div class=\"icon-box-text last-reset\">\n\t\t\t\t\t\t\t\t\t\r\n<h3>S\u00e4hk\u00f6inen kalenteri k\u00e4ytt\u00f6\u00f6si<\/h3>\r\n<p>Helpota asiakkaidesi ajanvarausta ja pid\u00e4 kohdetietosi helposti samassa kalenterissa. Voit my\u00f6s valita ajat, jolloin et ole k\u00e4ytett\u00e4viss\u00e4.<\/p>\r\n\t\t<\/div>\n\t<\/div><!-- .icon-box -->\n\t\n\t <\/div><\/div> <div class=\"col medium-4 small-8 large-4\"  ><div class=\"col-inner\"  > \n\t\t<div class=\"icon-box featured-box icon-box-center text-center is-small\"  >\n\t\t\t\t\t<div class=\"icon-box-img\" style=\"width: 46px\">\n\t\t\t\t<div class=\"icon\">\n\t\t\t\t\t<div class=\"icon-inner\" >\n\t\t\t\t\t\t<img loading=\"lazy\" decoding=\"async\" width=\"100\" height=\"100\" src=\"https:\/\/www.nuohousaika.fi\/Varaus_vuoden_paahan\/nuohousaika\/wp-content\/uploads\/2019\/12\/k\u00e4ytt\u00f6koulutus-ja-asiakaspalvelu.png\" class=\"attachment-medium size-medium\" alt=\"k\u00e4ytt\u00f6koulutus ja asiakaspalvelu\" \/>\t\t\t\t\t<\/div>\n\t\t\t\t<\/div>\n\t\t\t<\/div>\n\t\t\t\t<div class=\"icon-box-text last-reset\">\n\t\t\t\t\t\t\t\t\t\r\n<h3>K\u00e4ytt\u00f6koulutus ja asiakaspalvelu<\/h3>\r\n<p>Opetamme sinulle helppok\u00e4ytt\u00f6isen palvelumme k\u00e4yt\u00f6n, mik\u00e4 ei vaadi erityisi\u00e4 it-taitoja. Asiakaspalvelumme on my\u00f6s arkisin puhelinsoiton p\u00e4\u00e4ss\u00e4.<\/p>\r\n\t\t<\/div>\n\t<\/div><!-- .icon-box -->\n\t\n\t <\/div><\/div> \n<style scope=\"scope\">\n\n<\/style>\n<\/div> <div class=\"gap-element clearfix\" style=\"display:block; height:auto; padding-top:25px\"><\/div> \t\t<\/div><!-- .section-content -->\n\n\t\t\n<style scope=\"scope\">\n\n#section_942379552 {\n  padding-top: 90px;\n  padding-bottom: 90px;\n  background-color: rgb(255, 255, 255);\n}\n<\/style>\n\t<\/section>\n\t\r\n<p><\/p>\r\n<p>&nbsp;<\/p>","protected":false},"excerpt":{"rendered":"<p>&nbsp; &nbsp;<\/p>\n","protected":false},"author":1,"featured_media":0,"parent":0,"menu_order":0,"comment_status":"closed","ping_status":"closed","template":"page-blank.php","meta":{"footnotes":""},"class_list":["post-8","page","type-page","status-publish","hentry"],"_links":{"self":[{"href":"https:\/\/www.nuohousaika.fi\/Varaus_vuoden_paahan\/nuohousaika\/wp-json\/wp\/v2\/pages\/8","targetHints":{"allow":["GET"]}}],"collection":[{"href":"https:\/\/www.nuohousaika.fi\/Varaus_vuoden_paahan\/nuohousaika\/wp-json\/wp\/v2\/pages"}],"about":[{"href":"https:\/\/www.nuohousaika.fi\/Varaus_vuoden_paahan\/nuohousaika\/wp-json\/wp\/v2\/types\/page"}],"author":[{"embeddable":true,"href":"https:\/\/www.nuohousaika.fi\/Varaus_vuoden_paahan\/nuohousaika\/wp-json\/wp\/v2\/users\/1"}],"replies":[{"embeddable":true,"href":"https:\/\/www.nuohousaika.fi\/Varaus_vuoden_paahan\/nuohousaika\/wp-json\/wp\/v2\/comments?post=8"}],"version-history":[{"count":78,"href":"https:\/\/www.nuohousaika.fi\/Varaus_vuoden_paahan\/nuohousaika\/wp-json\/wp\/v2\/pages\/8\/revisions"}],"predecessor-version":[{"id":475,"href":"https:\/\/www.nuohousaika.fi\/Varaus_vuoden_paahan\/nuohousaika\/wp-json\/wp\/v2\/pages\/8\/revisions\/475"}],"wp:attachment":[{"href":"https:\/\/www.nuohousaika.fi\/Varaus_vuoden_paahan\/nuohousaika\/wp-json\/wp\/v2\/media?parent=8"}],"curies":[{"name":"wp","href":"https:\/\/api.w.org\/{rel}","templated":true}]}}