{"id":34,"date":"2019-10-02T13:11:45","date_gmt":"2019-10-02T13:11:45","guid":{"rendered":"https:\/\/www.nuohousaika.fi\/?page_id=34"},"modified":"2022-09-20T07:59:26","modified_gmt":"2022-09-20T07:59:26","slug":"keita-me-olemme","status":"publish","type":"page","link":"https:\/\/www.nuohousaika.fi\/Varaus_vuoden_paahan\/nuohousaika\/keita-me-olemme\/","title":{"rendered":"Keit\u00e4 me olemme"},"content":{"rendered":"\n\t<section class=\"section banner dark\" id=\"section_265149403\">\n\t\t<div class=\"bg section-bg fill bg-fill  \" >\n\n\t\t\t\n\t\t\t<div class=\"section-bg-overlay absolute fill\"><\/div>\n\t\t\t\n\n\t\t<\/div><!-- .section-bg -->\n\n\t\t<div class=\"section-content relative\">\n\t\t\t\n\n<div class=\"row align-center\"  id=\"row-1459535063\">\n\n<div class=\"col headerbg medium-7 small-12 large-7\"  ><div class=\"col-inner text-center\"  >\n\n<h1>Keit\u00e4 me olemme<\/h1>\n<p><strong>Nuohousaika.fi on Suomen kehittynein ja laajimmin k\u00e4yt\u00f6ss\u00e4 oleva nuohousalan digitaalinen palvelu. Nuohousaika.fi-palvelun taustalla on 2010 perustettu ohjelmistoalan perheyritys Jyv\u00e4skyl\u00e4st\u00e4, jonka tavoitteena on tarjota nuohousalan parasta palvelua ja kumppanuutta niin nuohousta tarvitseville asiakkaille kuin nuohousyrityksille.<br><\/strong><\/p>\n<a href=\"#lue-lisaa\" target=\"_self\" class=\"button white is-outline is-large\"  style=\"border-radius:25px;\">\n    <span>Lue lis\u00e4\u00e4<\/span>\n  <\/a>\n\n\n\n<\/div><\/div>\n\n\n<style scope=\"scope\">\n\n<\/style>\n<\/div>\n\n\t\t<\/div><!-- .section-content -->\n\n\t\t\n<style scope=\"scope\">\n\n#section_265149403 {\n  padding-top: 30px;\n  padding-bottom: 30px;\n  min-height: 720px;\n}\n#section_265149403 .section-bg-overlay {\n  background-color: rgba(0, 0, 0, 0.5);\n}\n#section_265149403 .section-bg.bg-loaded {\n  background-image: url(https:\/\/www.nuohousaika.fi\/Varaus_vuoden_paahan\/nuohousaika\/wp-content\/uploads\/2020\/02\/Keit\u00e4-me-olemme-nuohousaika-tekijat-1.jpg);\n}\n<\/style>\n\t<\/section>\n\t\n<span class=\"scroll-to\" data-label=\"Scroll to: #lue-lisaa\" data-bullet=\"false\" data-link=\"#lue-lisaa\" data-title=\"Change this\"><a name=\"lue-lisaa\"><\/a><\/span>\n\n\t<section class=\"section has-mask mask-angled-large\" id=\"section_174595437\">\n\t\t<div class=\"bg section-bg fill bg-fill  bg-loaded\" >\n\n\t\t\t\n\t\t\t\n\t\t\t\n\n\t\t<\/div><!-- .section-bg -->\n\n\t\t<div class=\"section-content relative\">\n\t\t\t\n\n<div class=\"gap-element clearfix\" style=\"display:block; height:auto; padding-top:50px\"><\/div>\n\n<div class=\"row align-center\"  id=\"row-1304460434\">\n\n<div class=\"col medium-9 small-12 large-9\"  ><div class=\"col-inner text-center\" style=\"padding:0px 50px 0px 50px;\" >\n\n<p>Nuohousaika.fi tarjoaa kuluttajalle modernin nettiajanvarausj\u00e4rjestelm\u00e4n, jonka avulla nuohousalan keskusliiton hyv\u00e4ksymien nuohousyritysen palveluita voi tilata ymp\u00e4ri Suomea. Nuohousaika.fi hoitaa my\u00f6s nuohouspalvelun laskutuksen ja nuohoustodistukset helposti ja luotettavasti.<\/p>\n<p>Nuohousalan yrityksille ja yritt\u00e4jille Nuohousaika.fi tarjoaa ennenn\u00e4kem\u00e4tt\u00f6mi\u00e4 etuja, mahdollisuuksia, ty\u00f6kaluja sek\u00e4 kilpailukyky\u00e4. Nuohousaika.fi- palvelua kehitet\u00e4\u00e4n jatkuvasti lis\u00e4\u00e4m\u00e4ll\u00e4 siihen uusia ominaisuuksia sek\u00e4 nuohoojille ett\u00e4 kuluttajille.<\/p>\n<div class=\"gap-element clearfix\" style=\"display:block; height:auto; padding-top:30px\"><\/div>\n\n<a href=\"#ota-yhteytta\" target=\"_self\" class=\"button primary is-outline\"  style=\"border-radius:30px;\">\n    <span>Ota yhteytt\u00e4<\/span>\n  <\/a>\n\n\n\n<\/div><\/div>\n\n\n<style scope=\"scope\">\n\n<\/style>\n<\/div>\n\n\t\t<\/div><!-- .section-content -->\n\n\t\t\n<style scope=\"scope\">\n\n#section_174595437 {\n  padding-top: 0px;\n  padding-bottom: 0px;\n  background-color: rgb(255, 255, 255);\n}\n\n\n@media (min-width:550px) {\n\n  #section_174595437 {\n    padding-top: 90px;\n    padding-bottom: 90px;\n  }\n\n}\n<\/style>\n\t<\/section>\n\t\n\n<div class=\"gap-element clearfix\" style=\"display:block; height:auto; padding-top:64px\"><\/div>\n\n<span class=\"scroll-to\" data-label=\"Scroll to: #ota-yhteytta\" data-bullet=\"false\" data-link=\"#ota-yhteytta\" data-title=\"Change this\"><a name=\"ota-yhteytta\"><\/a><\/span>\n\n\t<section class=\"section dark has-mask mask-angled-large has-parallax\" id=\"section_1216364940\">\n\t\t<div class=\"bg section-bg fill bg-fill  \" data-parallax-container=\".section\" data-parallax-background data-parallax=\"-2\">\n\n\t\t\t\n\t\t\t<div class=\"section-bg-overlay absolute fill\"><\/div>\n\t\t\t\n\n\t\t<\/div><!-- .section-bg -->\n\n\t\t<div class=\"section-content relative\">\n\t\t\t\n\n<div class=\"gap-element clearfix\" style=\"display:block; height:auto; padding-top:30px\"><\/div>\n\n<div class=\"row align-center\"  id=\"row-960634172\">\n\n<div class=\"col medium-5 small-12 large-5\"  ><div class=\"col-inner text-left\"  >\n\n<h2 style=\"text-align: left;\">Yhteystiedot<\/h2>\n<h3 style=\"text-align: left;\">Nuohooja, kiinnostuitko Nuohousaika.fi-palvelusta?<\/h3>\n<p style=\"text-align: left;\">Ota meihin yhteytt\u00e4, niin kerromme mielell\u00e4mme lis\u00e4\u00e4. J\u00e4rjest\u00e4mme my\u00f6s Nuohousaika.fi-palvelusta kiinnostuneille nuohoojille ilmaisia palvelun esittelytapaamisia.<\/p>\n<p style=\"text-align: left;\">Kallio Consulting Oy<\/p>\n<p style=\"text-align: left;\"><span style=\"font-size: 140%;\">Puhelin: <a href=\"tel: 044 7233414\">044 7233414<\/a><\/span><\/p>\n<p style=\"text-align: left;\"><span style=\"font-size: 140%;\">S\u00e4hk\u00f6posti: <a href=\"mailto: myynti@nuohousaika.fi\">myynti(a)nuohousaika.fi<\/a><\/span><\/p>\n\n<\/div><\/div>\n<div class=\"col medium-5 small-12 large-5\"  ><div class=\"col-inner\"  >\n\n<h2>Ota yhteytt\u00e4<\/h2>\n<div role=\"form\" class=\"wpcf7\" id=\"wpcf7-f6-o1\" lang=\"en-US\" dir=\"ltr\">\n<div class=\"screen-reader-response\"><\/div>\n<form action=\"\/Varaus_vuoden_paahan\/nuohousaika\/wp-json\/wp\/v2\/pages\/34#wpcf7-f6-o1\" method=\"post\" class=\"wpcf7-form\" novalidate=\"novalidate\">\n<div style=\"display: none;\">\n<input type=\"hidden\" name=\"_wpcf7\" value=\"6\" \/>\n<input type=\"hidden\" name=\"_wpcf7_version\" value=\"5.1.4\" \/>\n<input type=\"hidden\" name=\"_wpcf7_locale\" value=\"en_US\" \/>\n<input type=\"hidden\" name=\"_wpcf7_unit_tag\" value=\"wpcf7-f6-o1\" \/>\n<input type=\"hidden\" name=\"_wpcf7_container_post\" value=\"0\" \/>\n<\/div>\n<p><label> Nimi<br \/>\n    <span class=\"wpcf7-form-control-wrap your-name\"><input type=\"text\" name=\"your-name\" value=\"\" size=\"40\" class=\"wpcf7-form-control wpcf7-text wpcf7-validates-as-required\" aria-required=\"true\" aria-invalid=\"false\" \/><\/span> <\/label><\/p>\n<p><label> S\u00e4hk\u00f6posti<br \/>\n    <span class=\"wpcf7-form-control-wrap your-email\"><input type=\"email\" name=\"your-email\" value=\"\" size=\"40\" class=\"wpcf7-form-control wpcf7-text wpcf7-email wpcf7-validates-as-email\" aria-invalid=\"false\" \/><\/span> <\/label><\/p>\n<p><label> Puhelin<br \/>\n    <span class=\"wpcf7-form-control-wrap your-puhelin\"><input type=\"text\" name=\"your-puhelin\" value=\"\" size=\"40\" class=\"wpcf7-form-control wpcf7-text\" aria-invalid=\"false\" \/><\/span> <\/label><\/p>\n<p><label> Aihe<br \/>\n    <span class=\"wpcf7-form-control-wrap your-subject\"><input type=\"text\" name=\"your-subject\" value=\"\" size=\"40\" class=\"wpcf7-form-control wpcf7-text\" aria-invalid=\"false\" \/><\/span> <\/label><\/p>\n<p><label> Viesti<br \/>\n    <span class=\"wpcf7-form-control-wrap your-message\"><textarea name=\"your-message\" cols=\"40\" rows=\"10\" class=\"wpcf7-form-control wpcf7-textarea\" aria-invalid=\"false\"><\/textarea><\/span> <\/label><\/p>\n<p><input type=\"submit\" value=\"L\u00e4het\u00e4 viesti\" class=\"wpcf7-form-control wpcf7-submit\" \/><\/p>\n<div class=\"wpcf7-response-output wpcf7-display-none\"><\/div><\/form><\/div>\n\n\n<\/div><\/div>\n\n\n<style scope=\"scope\">\n\n<\/style>\n<\/div>\n\n\t\t<\/div><!-- .section-content -->\n\n\t\t\n<style scope=\"scope\">\n\n#section_1216364940 {\n  padding-top: 90px;\n  padding-bottom: 90px;\n  background-color: rgb(180, 180, 180);\n}\n#section_1216364940 .section-bg-overlay {\n  background-color: rgba(0, 0, 0, 0.5);\n}\n#section_1216364940 .section-bg.bg-loaded {\n  background-image: url(https:\/\/www.nuohousaika.fi\/Varaus_vuoden_paahan\/nuohousaika\/wp-content\/uploads\/2019\/12\/Ota-yhteytta-1.png);\n}\n<\/style>\n\t<\/section>\n\t\n","protected":false},"excerpt":{"rendered":"","protected":false},"author":1,"featured_media":0,"parent":0,"menu_order":0,"comment_status":"closed","ping_status":"closed","template":"page-blank.php","meta":{"footnotes":""},"class_list":["post-34","page","type-page","status-publish","hentry"],"_links":{"self":[{"href":"https:\/\/www.nuohousaika.fi\/Varaus_vuoden_paahan\/nuohousaika\/wp-json\/wp\/v2\/pages\/34","targetHints":{"allow":["GET"]}}],"collection":[{"href":"https:\/\/www.nuohousaika.fi\/Varaus_vuoden_paahan\/nuohousaika\/wp-json\/wp\/v2\/pages"}],"about":[{"href":"https:\/\/www.nuohousaika.fi\/Varaus_vuoden_paahan\/nuohousaika\/wp-json\/wp\/v2\/types\/page"}],"author":[{"embeddable":true,"href":"https:\/\/www.nuohousaika.fi\/Varaus_vuoden_paahan\/nuohousaika\/wp-json\/wp\/v2\/users\/1"}],"replies":[{"embeddable":true,"href":"https:\/\/www.nuohousaika.fi\/Varaus_vuoden_paahan\/nuohousaika\/wp-json\/wp\/v2\/comments?post=34"}],"version-history":[{"count":15,"href":"https:\/\/www.nuohousaika.fi\/Varaus_vuoden_paahan\/nuohousaika\/wp-json\/wp\/v2\/pages\/34\/revisions"}],"predecessor-version":[{"id":289,"href":"https:\/\/www.nuohousaika.fi\/Varaus_vuoden_paahan\/nuohousaika\/wp-json\/wp\/v2\/pages\/34\/revisions\/289"}],"wp:attachment":[{"href":"https:\/\/www.nuohousaika.fi\/Varaus_vuoden_paahan\/nuohousaika\/wp-json\/wp\/v2\/media?parent=34"}],"curies":[{"name":"wp","href":"https:\/\/api.w.org\/{rel}","templated":true}]}}